{"id":2184,"date":"2022-11-16T13:51:08","date_gmt":"2022-11-16T11:51:08","guid":{"rendered":"https:\/\/www.canopsis.fr\/privacy-policy\/"},"modified":"2026-02-10T10:37:05","modified_gmt":"2026-02-10T08:37:05","slug":"privacy-policy","status":"publish","type":"page","link":"https:\/\/www.canopsis.fr\/en\/privacy-policy\/","title":{"rendered":"Privacy policy"},"content":{"rendered":"\t\t<div data-elementor-type=\"wp-page\" data-elementor-id=\"2184\" class=\"elementor elementor-2184 elementor-24\" data-elementor-post-type=\"page\">\n\t\t\t\t\t\t<section class=\"has_eae_slider elementor-section elementor-top-section elementor-element elementor-element-73906053 elementor-section-boxed elementor-section-height-default elementor-section-height-default\" data-eae-slider=\"66917\" data-id=\"73906053\" data-element_type=\"section\" data-e-type=\"section\">\n\t\t\t\t\t\t<div class=\"elementor-container elementor-column-gap-default\">\n\t\t\t\t\t<div class=\"has_eae_slider elementor-column elementor-col-100 elementor-top-column elementor-element elementor-element-6387f2be\" data-eae-slider=\"80115\" data-id=\"6387f2be\" data-element_type=\"column\" data-e-type=\"column\">\n\t\t\t<div class=\"elementor-widget-wrap elementor-element-populated\">\n\t\t\t\t\t\t<div class=\"elementor-element elementor-element-949989f elementor-invisible elementor-widget elementor-widget-heading\" data-id=\"949989f\" data-element_type=\"widget\" data-e-type=\"widget\" data-settings=\"{&quot;_animation&quot;:&quot;fadeInUp&quot;}\" data-widget_type=\"heading.default\">\n\t\t\t\t<div class=\"elementor-widget-container\">\n\t\t\t\t\t<h2 class=\"elementor-heading-title elementor-size-default\"><big><strong>Privacy<\/strong> <span style=\"color: var( --e-global-color-text );font-family: var( --e-global-typography-primary-font-family ), Sans-serif;font-weight: var( --e-global-typography-primary-font-weight );background-color: var( --e-global-color-f44f59c )\">policy<\/span> <\/h2>\t\t\t\t<\/div>\n\t\t\t\t<\/div>\n\t\t\t\t<div class=\"elementor-element elementor-element-33bd9aff elementor-widget-mobile__width-initial elementor-invisible elementor-widget elementor-widget-text-editor\" data-id=\"33bd9aff\" data-element_type=\"widget\" data-e-type=\"widget\" data-settings=\"{&quot;_animation&quot;:&quot;fadeInUp&quot;}\" data-widget_type=\"text-editor.default\">\n\t\t\t\t<div class=\"elementor-widget-container\">\n\t\t\t\t\t\t\t\t\t<p><span dir=\"ltr\" role=\"presentation\">To begin with, the information collected via the forms on the <a href=\"\/\">canopsis.fr<\/a> website<\/span> <span dir=\"ltr\" role=\"presentation\">are recorded in a computerized file<\/span> <span dir=\"ltr\" role=\"presentation\">by the Capensis company<\/span><span dir=\"ltr\" role=\"presentation\">. The legal basis of the <\/span><span dir=\"ltr\" role=\"presentation\">treatment is<\/span> <span dir=\"ltr\" role=\"presentation\">consent<\/span><span dir=\"ltr\" role=\"presentation\">.<\/span><\/p><p><span dir=\"ltr\" role=\"presentation\">In order to send the forms on the site, you must complete the data marked with an asterisk (*).<\/span><\/p><p><span dir=\"ltr\" role=\"presentation\">Only the following recipients have access to the data collected:<\/span><\/p><ul><li>Newsletter subscription form: Service communication Capensis<\/li><li>Application forms: Capensis recruitment department<\/li><li>Contact form :<ul><li>Trade: Capensis sales and communications departments<\/li><li>Recruitment: Capensis recruitment department<\/li><li>Communication: Service communication Capensis<\/li><li>Training: Capensis sales and communications departments<\/li><li>Other: Communication department and Capensis department after review of request<\/li><\/ul><\/li><\/ul><p><br>Capensis keeps your data for two years. It is also accessible on request. You <span dir=\"ltr\" role=\"presentation\">can consult it<\/span><span dir=\"ltr\" role=\"presentation\">, <\/span> <span dir=\"ltr\" role=\"presentation\">rectify it, <\/span><span dir=\"ltr\" role=\"presentation\">ask for<\/span> <span dir=\"ltr\" role=\"presentation\">it to be <\/span><span dir=\"ltr\" role=\"presentation\">deleted or exercise your right to restrict processing.<\/span>  <\/p><p><span dir=\"ltr\" role=\"presentation\">Finally, you can withdraw your consent to the processing of your data at any time.  <\/span><span dir=\"ltr\" role=\"presentation\">moment. You can also c <\/span><span dir=\"ltr\" role=\"presentation\">onsult <a href=\"http:\/\/cnil.fr\/\">cnil.fr<\/a> for more information on your rights.<\/span><\/p><p><span dir=\"ltr\" role=\"presentation\">To exercise these rights or if you have any questions about the processing of your data<\/span><span dir=\"ltr\" role=\"presentation\">, please<\/span> contact us <span dir=\"ltr\" role=\"presentation\">at<\/span> <span dir=\"ltr\" role=\"presentation\">the following<\/span> <span dir=\"ltr\" role=\"presentation\">e-mail<\/span> <span dir=\"ltr\" role=\"presentation\">address<\/span> <span dir=\"ltr\" role=\"presentation\">:<br><\/span><a href=\"mailto:communication@capensis.fr\"><span dir=\"ltr\" role=\"presentation\">communication@capensis.fr<\/span><\/a>.<\/p><p><span dir=\"ltr\" role=\"presentation\">If, after contacting us, you feel that your rights to <\/span><span dir=\"ltr\" role=\"presentation\">Informatique et Libert\u00e9s<\/span> <span dir=\"ltr\" role=\"presentation\">&#8221; <\/span><span dir=\"ltr\" role=\"presentation\">have not been respected, you can submit a complaint to the CNIL.<\/span><\/p>\t\t\t\t\t\t\t\t<\/div>\n\t\t\t\t<\/div>\n\t\t\t\t\t<\/div>\n\t\t<\/div>\n\t\t\t\t\t<\/div>\n\t\t<\/section>\n\t\t\t\t<\/div>\n\t\t","protected":false},"excerpt":{"rendered":"<p>Privacy policy To begin with, the information collected via the forms on the canopsis.fr website are recorded in a computerized file by the Capensis company. The legal basis of the treatment is consent. In order to send the forms on the site, you must complete the data marked with an asterisk (*). Only the following [&hellip;]<\/p>\n","protected":false},"author":3,"featured_media":8955,"parent":0,"menu_order":0,"comment_status":"closed","ping_status":"closed","template":"","meta":{"_monsterinsights_skip_tracking":false,"_monsterinsights_sitenote_active":false,"_monsterinsights_sitenote_note":"","_monsterinsights_sitenote_category":0,"footnotes":""},"class_list":["post-2184","page","type-page","status-publish","has-post-thumbnail","hentry"],"yoast_head":"<!-- This site is optimized with the Yoast SEO Premium plugin v27.4 (Yoast SEO v27.4) - https:\/\/yoast.com\/product\/yoast-seo-premium-wordpress\/ -->\n<title>Privacy policy | Canopsis<\/title>\n<meta name=\"description\" content=\"Canopsis.fr privacy policy: data collection and processing, right to withdraw consent...\" \/>\n<meta name=\"robots\" content=\"index, follow, max-snippet:-1, max-image-preview:large, max-video-preview:-1\" \/>\n<link rel=\"canonical\" href=\"https:\/\/www.canopsis.fr\/en\/privacy-policy\/\" \/>\n<meta property=\"og:locale\" content=\"en_US\" \/>\n<meta property=\"og:type\" content=\"article\" \/>\n<meta property=\"og:title\" content=\"Privacy policy | Canopsis\" \/>\n<meta property=\"og:description\" content=\"Canopsis.fr privacy policy: data collection and processing, right to withdraw consent...\" \/>\n<meta property=\"og:url\" content=\"https:\/\/www.canopsis.fr\/en\/privacy-policy\/\" \/>\n<meta property=\"og:site_name\" content=\"Canopsis\" \/>\n<meta property=\"article:publisher\" content=\"https:\/\/www.facebook.com\/capensisolutionslinux\" \/>\n<meta property=\"article:modified_time\" content=\"2026-02-10T08:37:05+00:00\" \/>\n<meta property=\"og:image\" content=\"https:\/\/www.canopsis.fr\/wp-content\/uploads\/2024\/03\/jc-clavier.png\" \/>\n\t<meta property=\"og:image:width\" content=\"933\" \/>\n\t<meta property=\"og:image:height\" content=\"677\" \/>\n\t<meta property=\"og:image:type\" content=\"image\/png\" \/>\n<meta name=\"twitter:card\" content=\"summary_large_image\" \/>\n<meta name=\"twitter:site\" content=\"@canopsis\" \/>\n<meta name=\"twitter:label1\" content=\"Est. reading time\" \/>\n\t<meta name=\"twitter:data1\" content=\"2 minutes\" \/>\n<script type=\"application\/ld+json\" class=\"yoast-schema-graph\">{\"@context\":\"https:\\\/\\\/schema.org\",\"@graph\":[{\"@type\":\"WebPage\",\"@id\":\"https:\\\/\\\/www.canopsis.fr\\\/en\\\/privacy-policy\\\/\",\"url\":\"https:\\\/\\\/www.canopsis.fr\\\/en\\\/privacy-policy\\\/\",\"name\":\"Privacy policy | Canopsis\",\"isPartOf\":{\"@id\":\"https:\\\/\\\/www.canopsis.fr\\\/en\\\/#website\"},\"primaryImageOfPage\":{\"@id\":\"https:\\\/\\\/www.canopsis.fr\\\/en\\\/privacy-policy\\\/#primaryimage\"},\"image\":{\"@id\":\"https:\\\/\\\/www.canopsis.fr\\\/en\\\/privacy-policy\\\/#primaryimage\"},\"thumbnailUrl\":\"https:\\\/\\\/www.canopsis.fr\\\/wp-content\\\/uploads\\\/2024\\\/03\\\/jc-clavier.png\",\"datePublished\":\"2022-11-16T11:51:08+00:00\",\"dateModified\":\"2026-02-10T08:37:05+00:00\",\"description\":\"Canopsis.fr privacy policy: data collection and processing, right to withdraw consent...\",\"inLanguage\":\"en-US\",\"potentialAction\":[{\"@type\":\"ReadAction\",\"target\":[\"https:\\\/\\\/www.canopsis.fr\\\/en\\\/privacy-policy\\\/\"]}]},{\"@type\":\"ImageObject\",\"inLanguage\":\"en-US\",\"@id\":\"https:\\\/\\\/www.canopsis.fr\\\/en\\\/privacy-policy\\\/#primaryimage\",\"url\":\"https:\\\/\\\/www.canopsis.fr\\\/wp-content\\\/uploads\\\/2024\\\/03\\\/jc-clavier.png\",\"contentUrl\":\"https:\\\/\\\/www.canopsis.fr\\\/wp-content\\\/uploads\\\/2024\\\/03\\\/jc-clavier.png\",\"width\":933,\"height\":677,\"caption\":\"Header politique de confidentialit\u00e9 + Canopsis Roadmap + Cycle de vie Canopsis\"},{\"@type\":\"WebSite\",\"@id\":\"https:\\\/\\\/www.canopsis.fr\\\/en\\\/#website\",\"url\":\"https:\\\/\\\/www.canopsis.fr\\\/en\\\/\",\"name\":\"Canopsis\",\"description\":\"1\u00e8re solution d&#039;hypervision Open Source\",\"publisher\":{\"@id\":\"https:\\\/\\\/www.canopsis.fr\\\/en\\\/#organization\"},\"potentialAction\":[{\"@type\":\"SearchAction\",\"target\":{\"@type\":\"EntryPoint\",\"urlTemplate\":\"https:\\\/\\\/www.canopsis.fr\\\/en\\\/?s={search_term_string}\"},\"query-input\":{\"@type\":\"PropertyValueSpecification\",\"valueRequired\":true,\"valueName\":\"search_term_string\"}}],\"inLanguage\":\"en-US\"},{\"@type\":\"Organization\",\"@id\":\"https:\\\/\\\/www.canopsis.fr\\\/en\\\/#organization\",\"name\":\"Canopsis\",\"url\":\"https:\\\/\\\/www.canopsis.fr\\\/en\\\/\",\"logo\":{\"@type\":\"ImageObject\",\"inLanguage\":\"en-US\",\"@id\":\"https:\\\/\\\/www.canopsis.fr\\\/en\\\/#\\\/schema\\\/logo\\\/image\\\/\",\"url\":\"https:\\\/\\\/www.canopsis.fr\\\/wp-content\\\/uploads\\\/2022\\\/11\\\/cropped-favicon-canopsis-512.png\",\"contentUrl\":\"https:\\\/\\\/www.canopsis.fr\\\/wp-content\\\/uploads\\\/2022\\\/11\\\/cropped-favicon-canopsis-512.png\",\"width\":512,\"height\":512,\"caption\":\"Canopsis\"},\"image\":{\"@id\":\"https:\\\/\\\/www.canopsis.fr\\\/en\\\/#\\\/schema\\\/logo\\\/image\\\/\"},\"sameAs\":[\"https:\\\/\\\/www.facebook.com\\\/capensisolutionslinux\",\"https:\\\/\\\/x.com\\\/canopsis\",\"https:\\\/\\\/framapiaf.org\\\/@capensis\",\"https:\\\/\\\/www.linkedin.com\\\/company\\\/capensis\\\/\",\"https:\\\/\\\/www.youtube.com\\\/@capensis_sas\"],\"description\":\"Cr\u00e9\u00e9e en 2002 dans le Nord, Capensis est une ESN \u2013 Entreprise de Services du Num\u00e9rique \u2013 100 % d\u00e9di\u00e9e aux technologies Linux et Open Source. C\u2019est dans cet esprit que nous avons d\u00e9velopp\u00e9 Canopsis en 2011 : la premi\u00e8re solution d\u2019hypervision et d'observabilit\u00e9 Open Source du march\u00e9.\",\"email\":\"contact@capensis.fr\",\"telephone\":\"03 59 39 13 40\",\"legalName\":\"Capensis\",\"foundingDate\":\"2002-12-06\",\"vatID\":\"FR75444390777\",\"taxID\":\"44439077700100\",\"numberOfEmployees\":{\"@type\":\"QuantitativeValue\",\"minValue\":\"11\",\"maxValue\":\"50\"}}]}<\/script>\n<!-- \/ Yoast SEO Premium plugin. -->","yoast_head_json":{"title":"Privacy policy | Canopsis","description":"Canopsis.fr privacy policy: data collection and processing, right to withdraw consent...","robots":{"index":"index","follow":"follow","max-snippet":"max-snippet:-1","max-image-preview":"max-image-preview:large","max-video-preview":"max-video-preview:-1"},"canonical":"https:\/\/www.canopsis.fr\/en\/privacy-policy\/","og_locale":"en_US","og_type":"article","og_title":"Privacy policy | Canopsis","og_description":"Canopsis.fr privacy policy: data collection and processing, right to withdraw consent...","og_url":"https:\/\/www.canopsis.fr\/en\/privacy-policy\/","og_site_name":"Canopsis","article_publisher":"https:\/\/www.facebook.com\/capensisolutionslinux","article_modified_time":"2026-02-10T08:37:05+00:00","og_image":[{"width":933,"height":677,"url":"https:\/\/www.canopsis.fr\/wp-content\/uploads\/2024\/03\/jc-clavier.png","type":"image\/png"}],"twitter_card":"summary_large_image","twitter_site":"@canopsis","twitter_misc":{"Est. reading time":"2 minutes"},"schema":{"@context":"https:\/\/schema.org","@graph":[{"@type":"WebPage","@id":"https:\/\/www.canopsis.fr\/en\/privacy-policy\/","url":"https:\/\/www.canopsis.fr\/en\/privacy-policy\/","name":"Privacy policy | Canopsis","isPartOf":{"@id":"https:\/\/www.canopsis.fr\/en\/#website"},"primaryImageOfPage":{"@id":"https:\/\/www.canopsis.fr\/en\/privacy-policy\/#primaryimage"},"image":{"@id":"https:\/\/www.canopsis.fr\/en\/privacy-policy\/#primaryimage"},"thumbnailUrl":"https:\/\/www.canopsis.fr\/wp-content\/uploads\/2024\/03\/jc-clavier.png","datePublished":"2022-11-16T11:51:08+00:00","dateModified":"2026-02-10T08:37:05+00:00","description":"Canopsis.fr privacy policy: data collection and processing, right to withdraw consent...","inLanguage":"en-US","potentialAction":[{"@type":"ReadAction","target":["https:\/\/www.canopsis.fr\/en\/privacy-policy\/"]}]},{"@type":"ImageObject","inLanguage":"en-US","@id":"https:\/\/www.canopsis.fr\/en\/privacy-policy\/#primaryimage","url":"https:\/\/www.canopsis.fr\/wp-content\/uploads\/2024\/03\/jc-clavier.png","contentUrl":"https:\/\/www.canopsis.fr\/wp-content\/uploads\/2024\/03\/jc-clavier.png","width":933,"height":677,"caption":"Header politique de confidentialit\u00e9 + Canopsis Roadmap + Cycle de vie Canopsis"},{"@type":"WebSite","@id":"https:\/\/www.canopsis.fr\/en\/#website","url":"https:\/\/www.canopsis.fr\/en\/","name":"Canopsis","description":"1\u00e8re solution d&#039;hypervision Open Source","publisher":{"@id":"https:\/\/www.canopsis.fr\/en\/#organization"},"potentialAction":[{"@type":"SearchAction","target":{"@type":"EntryPoint","urlTemplate":"https:\/\/www.canopsis.fr\/en\/?s={search_term_string}"},"query-input":{"@type":"PropertyValueSpecification","valueRequired":true,"valueName":"search_term_string"}}],"inLanguage":"en-US"},{"@type":"Organization","@id":"https:\/\/www.canopsis.fr\/en\/#organization","name":"Canopsis","url":"https:\/\/www.canopsis.fr\/en\/","logo":{"@type":"ImageObject","inLanguage":"en-US","@id":"https:\/\/www.canopsis.fr\/en\/#\/schema\/logo\/image\/","url":"https:\/\/www.canopsis.fr\/wp-content\/uploads\/2022\/11\/cropped-favicon-canopsis-512.png","contentUrl":"https:\/\/www.canopsis.fr\/wp-content\/uploads\/2022\/11\/cropped-favicon-canopsis-512.png","width":512,"height":512,"caption":"Canopsis"},"image":{"@id":"https:\/\/www.canopsis.fr\/en\/#\/schema\/logo\/image\/"},"sameAs":["https:\/\/www.facebook.com\/capensisolutionslinux","https:\/\/x.com\/canopsis","https:\/\/framapiaf.org\/@capensis","https:\/\/www.linkedin.com\/company\/capensis\/","https:\/\/www.youtube.com\/@capensis_sas"],"description":"Cr\u00e9\u00e9e en 2002 dans le Nord, Capensis est une ESN \u2013 Entreprise de Services du Num\u00e9rique \u2013 100 % d\u00e9di\u00e9e aux technologies Linux et Open Source. C\u2019est dans cet esprit que nous avons d\u00e9velopp\u00e9 Canopsis en 2011 : la premi\u00e8re solution d\u2019hypervision et d'observabilit\u00e9 Open Source du march\u00e9.","email":"contact@capensis.fr","telephone":"03 59 39 13 40","legalName":"Capensis","foundingDate":"2002-12-06","vatID":"FR75444390777","taxID":"44439077700100","numberOfEmployees":{"@type":"QuantitativeValue","minValue":"11","maxValue":"50"}}]}},"_links":{"self":[{"href":"https:\/\/www.canopsis.fr\/en\/wp-json\/wp\/v2\/pages\/2184","targetHints":{"allow":["GET"]}}],"collection":[{"href":"https:\/\/www.canopsis.fr\/en\/wp-json\/wp\/v2\/pages"}],"about":[{"href":"https:\/\/www.canopsis.fr\/en\/wp-json\/wp\/v2\/types\/page"}],"author":[{"embeddable":true,"href":"https:\/\/www.canopsis.fr\/en\/wp-json\/wp\/v2\/users\/3"}],"replies":[{"embeddable":true,"href":"https:\/\/www.canopsis.fr\/en\/wp-json\/wp\/v2\/comments?post=2184"}],"version-history":[{"count":0,"href":"https:\/\/www.canopsis.fr\/en\/wp-json\/wp\/v2\/pages\/2184\/revisions"}],"wp:featuredmedia":[{"embeddable":true,"href":"https:\/\/www.canopsis.fr\/en\/wp-json\/wp\/v2\/media\/8955"}],"wp:attachment":[{"href":"https:\/\/www.canopsis.fr\/en\/wp-json\/wp\/v2\/media?parent=2184"}],"curies":[{"name":"wp","href":"https:\/\/api.w.org\/{rel}","templated":true}]}}