{"id":13477,"date":"2025-09-30T17:10:29","date_gmt":"2025-09-30T15:10:29","guid":{"rendered":"https:\/\/www.canopsis.fr\/news\/"},"modified":"2026-01-27T12:40:51","modified_gmt":"2026-01-27T10:40:51","slug":"news","status":"publish","type":"page","link":"https:\/\/www.canopsis.fr\/en\/news\/","title":{"rendered":"News"},"content":{"rendered":"\t\t<div data-elementor-type=\"wp-page\" data-elementor-id=\"13477\" class=\"elementor elementor-13477 elementor-13094\" data-elementor-post-type=\"page\">\n\t\t\t\t\t\t<section class=\"has_eae_slider elementor-section elementor-top-section elementor-element elementor-element-6001bce elementor-section-full_width elementor-section-height-default elementor-section-height-default\" data-eae-slider=\"13545\" data-id=\"6001bce\" data-element_type=\"section\" data-e-type=\"section\" data-settings=\"{&quot;animation&quot;:&quot;none&quot;,&quot;background_background&quot;:&quot;classic&quot;}\">\n\t\t\t\t\t\t<div class=\"elementor-container elementor-column-gap-default\">\n\t\t\t\t\t<div class=\"has_eae_slider elementor-column elementor-col-100 elementor-top-column elementor-element elementor-element-1f3e950\" data-eae-slider=\"83610\" data-id=\"1f3e950\" data-element_type=\"column\" data-e-type=\"column\">\n\t\t\t<div class=\"elementor-widget-wrap elementor-element-populated\">\n\t\t\t\t<div class=\"has_eae_slider elementor-element elementor-element-426efa7 e-con-full e-flex e-con e-parent\" data-eae-slider=\"30435\" data-id=\"426efa7\" data-element_type=\"container\" data-e-type=\"container\">\n\t\t\t\t<div class=\"elementor-element elementor-element-279b76f elementor-invisible elementor-widget elementor-widget-image\" data-id=\"279b76f\" data-element_type=\"widget\" data-e-type=\"widget\" data-settings=\"{&quot;_animation&quot;:&quot;fadeInLeft&quot;,&quot;_animation_delay&quot;:300}\" data-widget_type=\"image.default\">\n\t\t\t\t<div class=\"elementor-widget-container\">\n\t\t\t\t\t\t\t\t\t\t\t\t\t\t\t<img fetchpriority=\"high\" decoding=\"async\" width=\"261\" height=\"228\" src=\"https:\/\/www.canopsis.fr\/wp-content\/uploads\/2025\/11\/Header-Actulalites-Open-Source-Canopsis-e1759234772191-EN.png\" class=\"attachment-full size-full wp-image-14175\" alt=\"\" \/>\t\t\t\t\t\t\t\t\t\t\t\t\t\t\t<\/div>\n\t\t\t\t<\/div>\n\t\t\t\t<div class=\"elementor-element elementor-element-2c1b149 elementor-widget-mobile__width-inherit elementor-invisible elementor-widget elementor-widget-heading\" data-id=\"2c1b149\" data-element_type=\"widget\" data-e-type=\"widget\" data-settings=\"{&quot;_animation&quot;:&quot;fadeInRight&quot;,&quot;_animation_delay&quot;:300}\" data-widget_type=\"heading.default\">\n\t\t\t\t<div class=\"elementor-widget-container\">\n\t\t\t\t\t<h1 class=\"elementor-heading-title elementor-size-default\">News<\/h1>\t\t\t\t<\/div>\n\t\t\t\t<\/div>\n\t\t\t\t<\/div>\n\t\t\t\t\t<\/div>\n\t\t<\/div>\n\t\t\t\t\t<\/div>\n\t\t<\/section>\n\t\t<div class=\"has_eae_slider elementor-element elementor-element-91747c3 e-flex e-con-boxed e-con e-parent\" data-eae-slider=\"85374\" data-id=\"91747c3\" data-element_type=\"container\" data-e-type=\"container\">\n\t\t\t\t\t<div class=\"e-con-inner\">\n\t\t<div class=\"has_eae_slider elementor-element elementor-element-880a6bd e-con-full e-flex elementor-invisible e-con e-child\" data-eae-slider=\"59427\" data-id=\"880a6bd\" data-element_type=\"container\" data-e-type=\"container\" data-settings=\"{&quot;animation&quot;:&quot;fadeInLeft&quot;}\">\n\t\t\t\t<div class=\"elementor-element elementor-element-3226245 elementor-widget elementor-widget-heading\" data-id=\"3226245\" data-element_type=\"widget\" data-e-type=\"widget\" data-widget_type=\"heading.default\">\n\t\t\t\t<div class=\"elementor-widget-container\">\n\t\t\t\t\t<h2 class=\"elementor-heading-title elementor-size-default\">All the latest<br><strong>Open Source news<\/strong><\/h2>\t\t\t\t<\/div>\n\t\t\t\t<\/div>\n\t\t\t\t<div class=\"elementor-element elementor-element-055e3ef elementor-widget elementor-widget-heading\" data-id=\"055e3ef\" data-element_type=\"widget\" data-e-type=\"widget\" data-widget_type=\"heading.default\">\n\t\t\t\t<div class=\"elementor-widget-container\">\n\t\t\t\t\t<h3 class=\"elementor-heading-title elementor-size-default\">Discover Canopsis news, as well as the latest in IT monitoring, hypervision and observability!<\/h3>\t\t\t\t<\/div>\n\t\t\t\t<\/div>\n\t\t\t\t<div class=\"elementor-element elementor-element-1e4d274 elementor-widget__width-initial elementor-widget elementor-widget-text-editor\" data-id=\"1e4d274\" data-element_type=\"widget\" data-e-type=\"widget\" data-widget_type=\"text-editor.default\">\n\t\t\t\t<div class=\"elementor-widget-container\">\n\t\t\t\t\t\t\t\t\t<p>Welcome to the Canopsis News area: your reference point for keeping abreast of developments in the world of <a href=\"https:\/\/www.canopsis.fr\/en\/it-monitoring-and-hypervision-everything-you-need-to-know\/\">monitoring<\/a>, <a href=\"https:\/\/www.canopsis.fr\/en\/dive-into-the-world-of-it-hypervision\/\">hypervision<\/a> and Open Source <a href=\"https:\/\/www.canopsis.fr\/en\/about-us-hypervision-solution\/#observabilite\">observability<\/a>&#8230; And, of course, our solution!<\/p><p>You&#8217;ll also find our Canopsis news, webinar debriefs, version releases and much more here.<\/p>\t\t\t\t\t\t\t\t<\/div>\n\t\t\t\t<\/div>\n\t\t\t\t<\/div>\n\t\t\t\t<div class=\"elementor-element elementor-element-3a6d702 elementor-widget__width-initial elementor-invisible elementor-widget elementor-widget-image\" data-id=\"3a6d702\" data-element_type=\"widget\" data-e-type=\"widget\" data-settings=\"{&quot;_animation&quot;:&quot;fadeInRight&quot;}\" data-widget_type=\"image.default\">\n\t\t\t\t<div class=\"elementor-widget-container\">\n\t\t\t\t\t\t\t\t\t\t\t\t\t\t\t<img decoding=\"async\" width=\"1000\" height=\"1000\" src=\"https:\/\/www.canopsis.fr\/wp-content\/uploads\/2025\/09\/5-1.png\" class=\"attachment-full size-full wp-image-13100\" alt=\"Illustration actualit\u00e9s canopsis, open source news\" srcset=\"https:\/\/www.canopsis.fr\/wp-content\/uploads\/2025\/09\/5-1.png 1000w, https:\/\/www.canopsis.fr\/wp-content\/uploads\/2025\/09\/5-1-300x300.png 300w, https:\/\/www.canopsis.fr\/wp-content\/uploads\/2025\/09\/5-1-150x150.png 150w, https:\/\/www.canopsis.fr\/wp-content\/uploads\/2025\/09\/5-1-768x768.png 768w, https:\/\/www.canopsis.fr\/wp-content\/uploads\/2025\/09\/5-1-700x700.png 700w\" sizes=\"(max-width: 1000px) 100vw, 1000px\" \/>\t\t\t\t\t\t\t\t\t\t\t\t\t\t\t<\/div>\n\t\t\t\t<\/div>\n\t\t\t\t\t<\/div>\n\t\t\t\t<\/div>\n\t\t<div class=\"has_eae_slider elementor-element elementor-element-0f498bf e-flex e-con-boxed elementor-invisible e-con e-parent\" data-eae-slider=\"2798\" data-id=\"0f498bf\" data-element_type=\"container\" data-e-type=\"container\" data-settings=\"{&quot;animation&quot;:&quot;fadeInUp&quot;}\">\n\t\t\t\t\t<div class=\"e-con-inner\">\n\t\t\t\t\t<\/div>\n\t\t\t\t<\/div>\n\t\t\t\t<\/div>\n\t\t","protected":false},"excerpt":{"rendered":"<p>News All the latestOpen Source news Discover Canopsis news, as well as the latest in IT monitoring, hypervision and observability! Welcome to the Canopsis News area: your reference point for keeping abreast of developments in the world of monitoring, hypervision and Open Source observability&#8230; And, of course, our solution! You&#8217;ll also find our Canopsis news, [&hellip;]<\/p>\n","protected":false},"author":3,"featured_media":13097,"parent":0,"menu_order":0,"comment_status":"closed","ping_status":"closed","template":"","meta":{"_monsterinsights_skip_tracking":false,"_monsterinsights_sitenote_active":false,"_monsterinsights_sitenote_note":"","_monsterinsights_sitenote_category":0,"footnotes":""},"class_list":["post-13477","page","type-page","status-publish","has-post-thumbnail","hentry"],"yoast_head":"<!-- This site is optimized with the Yoast SEO Premium plugin v27.4 (Yoast SEO v27.4) - https:\/\/yoast.com\/product\/yoast-seo-premium-wordpress\/ -->\n<title>News Canopsis, Open Source and observability | Canopsis<\/title>\n<meta name=\"description\" content=\"All Canopsis news, with the latest monitoring, hypervision and Open Source observability news.\" \/>\n<meta name=\"robots\" content=\"index, follow, max-snippet:-1, max-image-preview:large, max-video-preview:-1\" \/>\n<link rel=\"canonical\" href=\"https:\/\/www.canopsis.fr\/en\/news\/\" \/>\n<meta property=\"og:locale\" content=\"en_US\" \/>\n<meta property=\"og:type\" content=\"article\" \/>\n<meta property=\"og:title\" content=\"News Canopsis, Open Source and observability | Canopsis\" \/>\n<meta property=\"og:description\" content=\"All Canopsis news, with the latest monitoring, hypervision and Open Source observability news.\" \/>\n<meta property=\"og:url\" content=\"https:\/\/www.canopsis.fr\/en\/news\/\" \/>\n<meta property=\"og:site_name\" content=\"Canopsis\" \/>\n<meta property=\"article:publisher\" content=\"https:\/\/www.facebook.com\/capensisolutionslinux\" \/>\n<meta property=\"article:modified_time\" content=\"2026-01-27T10:40:51+00:00\" \/>\n<meta property=\"og:image\" content=\"https:\/\/www.canopsis.fr\/wp-content\/uploads\/2025\/09\/Header-Actulalites-Open-Source-Canopsis-e1759234772191.png\" \/>\n\t<meta property=\"og:image:width\" content=\"750\" \/>\n\t<meta property=\"og:image:height\" content=\"750\" \/>\n\t<meta property=\"og:image:type\" content=\"image\/png\" \/>\n<meta name=\"twitter:card\" content=\"summary_large_image\" \/>\n<meta name=\"twitter:site\" content=\"@canopsis\" \/>\n<meta name=\"twitter:label1\" content=\"Est. reading time\" \/>\n\t<meta name=\"twitter:data1\" content=\"11 minutes\" \/>\n<script type=\"application\/ld+json\" class=\"yoast-schema-graph\">{\"@context\":\"https:\\\/\\\/schema.org\",\"@graph\":[{\"@type\":\"WebPage\",\"@id\":\"https:\\\/\\\/www.canopsis.fr\\\/en\\\/news\\\/\",\"url\":\"https:\\\/\\\/www.canopsis.fr\\\/en\\\/news\\\/\",\"name\":\"News Canopsis, Open Source and observability | Canopsis\",\"isPartOf\":{\"@id\":\"https:\\\/\\\/www.canopsis.fr\\\/en\\\/#website\"},\"primaryImageOfPage\":{\"@id\":\"https:\\\/\\\/www.canopsis.fr\\\/en\\\/news\\\/#primaryimage\"},\"image\":{\"@id\":\"https:\\\/\\\/www.canopsis.fr\\\/en\\\/news\\\/#primaryimage\"},\"thumbnailUrl\":\"https:\\\/\\\/www.canopsis.fr\\\/wp-content\\\/uploads\\\/2025\\\/09\\\/Header-Actulalites-Open-Source-Canopsis-e1759234772191.png\",\"datePublished\":\"2025-09-30T15:10:29+00:00\",\"dateModified\":\"2026-01-27T10:40:51+00:00\",\"description\":\"All Canopsis news, with the latest monitoring, hypervision and Open Source observability news.\",\"inLanguage\":\"en-US\",\"potentialAction\":[{\"@type\":\"ReadAction\",\"target\":[\"https:\\\/\\\/www.canopsis.fr\\\/en\\\/news\\\/\"]}]},{\"@type\":\"ImageObject\",\"inLanguage\":\"en-US\",\"@id\":\"https:\\\/\\\/www.canopsis.fr\\\/en\\\/news\\\/#primaryimage\",\"url\":\"https:\\\/\\\/www.canopsis.fr\\\/wp-content\\\/uploads\\\/2025\\\/09\\\/Header-Actulalites-Open-Source-Canopsis-e1759234772191.png\",\"contentUrl\":\"https:\\\/\\\/www.canopsis.fr\\\/wp-content\\\/uploads\\\/2025\\\/09\\\/Header-Actulalites-Open-Source-Canopsis-e1759234772191.png\",\"width\":750,\"height\":750,\"caption\":\"Header Actualit\u00e9s Open Source Canopsis + S\u00e9parateur A propos\"},{\"@type\":\"WebSite\",\"@id\":\"https:\\\/\\\/www.canopsis.fr\\\/en\\\/#website\",\"url\":\"https:\\\/\\\/www.canopsis.fr\\\/en\\\/\",\"name\":\"Canopsis\",\"description\":\"1\u00e8re solution d&#039;hypervision Open Source\",\"publisher\":{\"@id\":\"https:\\\/\\\/www.canopsis.fr\\\/en\\\/#organization\"},\"potentialAction\":[{\"@type\":\"SearchAction\",\"target\":{\"@type\":\"EntryPoint\",\"urlTemplate\":\"https:\\\/\\\/www.canopsis.fr\\\/en\\\/?s={search_term_string}\"},\"query-input\":{\"@type\":\"PropertyValueSpecification\",\"valueRequired\":true,\"valueName\":\"search_term_string\"}}],\"inLanguage\":\"en-US\"},{\"@type\":\"Organization\",\"@id\":\"https:\\\/\\\/www.canopsis.fr\\\/en\\\/#organization\",\"name\":\"Canopsis\",\"url\":\"https:\\\/\\\/www.canopsis.fr\\\/en\\\/\",\"logo\":{\"@type\":\"ImageObject\",\"inLanguage\":\"en-US\",\"@id\":\"https:\\\/\\\/www.canopsis.fr\\\/en\\\/#\\\/schema\\\/logo\\\/image\\\/\",\"url\":\"https:\\\/\\\/www.canopsis.fr\\\/wp-content\\\/uploads\\\/2022\\\/11\\\/cropped-favicon-canopsis-512.png\",\"contentUrl\":\"https:\\\/\\\/www.canopsis.fr\\\/wp-content\\\/uploads\\\/2022\\\/11\\\/cropped-favicon-canopsis-512.png\",\"width\":512,\"height\":512,\"caption\":\"Canopsis\"},\"image\":{\"@id\":\"https:\\\/\\\/www.canopsis.fr\\\/en\\\/#\\\/schema\\\/logo\\\/image\\\/\"},\"sameAs\":[\"https:\\\/\\\/www.facebook.com\\\/capensisolutionslinux\",\"https:\\\/\\\/x.com\\\/canopsis\",\"https:\\\/\\\/framapiaf.org\\\/@capensis\",\"https:\\\/\\\/www.linkedin.com\\\/company\\\/capensis\\\/\",\"https:\\\/\\\/www.youtube.com\\\/@capensis_sas\"],\"description\":\"Cr\u00e9\u00e9e en 2002 dans le Nord, Capensis est une ESN \u2013 Entreprise de Services du Num\u00e9rique \u2013 100 % d\u00e9di\u00e9e aux technologies Linux et Open Source. C\u2019est dans cet esprit que nous avons d\u00e9velopp\u00e9 Canopsis en 2011 : la premi\u00e8re solution d\u2019hypervision et d'observabilit\u00e9 Open Source du march\u00e9.\",\"email\":\"contact@capensis.fr\",\"telephone\":\"03 59 39 13 40\",\"legalName\":\"Capensis\",\"foundingDate\":\"2002-12-06\",\"vatID\":\"FR75444390777\",\"taxID\":\"44439077700100\",\"numberOfEmployees\":{\"@type\":\"QuantitativeValue\",\"minValue\":\"11\",\"maxValue\":\"50\"}}]}<\/script>\n<!-- \/ Yoast SEO Premium plugin. -->","yoast_head_json":{"title":"News Canopsis, Open Source and observability | Canopsis","description":"All Canopsis news, with the latest monitoring, hypervision and Open Source observability news.","robots":{"index":"index","follow":"follow","max-snippet":"max-snippet:-1","max-image-preview":"max-image-preview:large","max-video-preview":"max-video-preview:-1"},"canonical":"https:\/\/www.canopsis.fr\/en\/news\/","og_locale":"en_US","og_type":"article","og_title":"News Canopsis, Open Source and observability | Canopsis","og_description":"All Canopsis news, with the latest monitoring, hypervision and Open Source observability news.","og_url":"https:\/\/www.canopsis.fr\/en\/news\/","og_site_name":"Canopsis","article_publisher":"https:\/\/www.facebook.com\/capensisolutionslinux","article_modified_time":"2026-01-27T10:40:51+00:00","og_image":[{"width":750,"height":750,"url":"https:\/\/www.canopsis.fr\/wp-content\/uploads\/2025\/09\/Header-Actulalites-Open-Source-Canopsis-e1759234772191.png","type":"image\/png"}],"twitter_card":"summary_large_image","twitter_site":"@canopsis","twitter_misc":{"Est. reading time":"11 minutes"},"schema":{"@context":"https:\/\/schema.org","@graph":[{"@type":"WebPage","@id":"https:\/\/www.canopsis.fr\/en\/news\/","url":"https:\/\/www.canopsis.fr\/en\/news\/","name":"News Canopsis, Open Source and observability | Canopsis","isPartOf":{"@id":"https:\/\/www.canopsis.fr\/en\/#website"},"primaryImageOfPage":{"@id":"https:\/\/www.canopsis.fr\/en\/news\/#primaryimage"},"image":{"@id":"https:\/\/www.canopsis.fr\/en\/news\/#primaryimage"},"thumbnailUrl":"https:\/\/www.canopsis.fr\/wp-content\/uploads\/2025\/09\/Header-Actulalites-Open-Source-Canopsis-e1759234772191.png","datePublished":"2025-09-30T15:10:29+00:00","dateModified":"2026-01-27T10:40:51+00:00","description":"All Canopsis news, with the latest monitoring, hypervision and Open Source observability news.","inLanguage":"en-US","potentialAction":[{"@type":"ReadAction","target":["https:\/\/www.canopsis.fr\/en\/news\/"]}]},{"@type":"ImageObject","inLanguage":"en-US","@id":"https:\/\/www.canopsis.fr\/en\/news\/#primaryimage","url":"https:\/\/www.canopsis.fr\/wp-content\/uploads\/2025\/09\/Header-Actulalites-Open-Source-Canopsis-e1759234772191.png","contentUrl":"https:\/\/www.canopsis.fr\/wp-content\/uploads\/2025\/09\/Header-Actulalites-Open-Source-Canopsis-e1759234772191.png","width":750,"height":750,"caption":"Header Actualit\u00e9s Open Source Canopsis + S\u00e9parateur A propos"},{"@type":"WebSite","@id":"https:\/\/www.canopsis.fr\/en\/#website","url":"https:\/\/www.canopsis.fr\/en\/","name":"Canopsis","description":"1\u00e8re solution d&#039;hypervision Open Source","publisher":{"@id":"https:\/\/www.canopsis.fr\/en\/#organization"},"potentialAction":[{"@type":"SearchAction","target":{"@type":"EntryPoint","urlTemplate":"https:\/\/www.canopsis.fr\/en\/?s={search_term_string}"},"query-input":{"@type":"PropertyValueSpecification","valueRequired":true,"valueName":"search_term_string"}}],"inLanguage":"en-US"},{"@type":"Organization","@id":"https:\/\/www.canopsis.fr\/en\/#organization","name":"Canopsis","url":"https:\/\/www.canopsis.fr\/en\/","logo":{"@type":"ImageObject","inLanguage":"en-US","@id":"https:\/\/www.canopsis.fr\/en\/#\/schema\/logo\/image\/","url":"https:\/\/www.canopsis.fr\/wp-content\/uploads\/2022\/11\/cropped-favicon-canopsis-512.png","contentUrl":"https:\/\/www.canopsis.fr\/wp-content\/uploads\/2022\/11\/cropped-favicon-canopsis-512.png","width":512,"height":512,"caption":"Canopsis"},"image":{"@id":"https:\/\/www.canopsis.fr\/en\/#\/schema\/logo\/image\/"},"sameAs":["https:\/\/www.facebook.com\/capensisolutionslinux","https:\/\/x.com\/canopsis","https:\/\/framapiaf.org\/@capensis","https:\/\/www.linkedin.com\/company\/capensis\/","https:\/\/www.youtube.com\/@capensis_sas"],"description":"Cr\u00e9\u00e9e en 2002 dans le Nord, Capensis est une ESN \u2013 Entreprise de Services du Num\u00e9rique \u2013 100 % d\u00e9di\u00e9e aux technologies Linux et Open Source. C\u2019est dans cet esprit que nous avons d\u00e9velopp\u00e9 Canopsis en 2011 : la premi\u00e8re solution d\u2019hypervision et d'observabilit\u00e9 Open Source du march\u00e9.","email":"contact@capensis.fr","telephone":"03 59 39 13 40","legalName":"Capensis","foundingDate":"2002-12-06","vatID":"FR75444390777","taxID":"44439077700100","numberOfEmployees":{"@type":"QuantitativeValue","minValue":"11","maxValue":"50"}}]}},"_links":{"self":[{"href":"https:\/\/www.canopsis.fr\/en\/wp-json\/wp\/v2\/pages\/13477","targetHints":{"allow":["GET"]}}],"collection":[{"href":"https:\/\/www.canopsis.fr\/en\/wp-json\/wp\/v2\/pages"}],"about":[{"href":"https:\/\/www.canopsis.fr\/en\/wp-json\/wp\/v2\/types\/page"}],"author":[{"embeddable":true,"href":"https:\/\/www.canopsis.fr\/en\/wp-json\/wp\/v2\/users\/3"}],"replies":[{"embeddable":true,"href":"https:\/\/www.canopsis.fr\/en\/wp-json\/wp\/v2\/comments?post=13477"}],"version-history":[{"count":0,"href":"https:\/\/www.canopsis.fr\/en\/wp-json\/wp\/v2\/pages\/13477\/revisions"}],"wp:featuredmedia":[{"embeddable":true,"href":"https:\/\/www.canopsis.fr\/en\/wp-json\/wp\/v2\/media\/13097"}],"wp:attachment":[{"href":"https:\/\/www.canopsis.fr\/en\/wp-json\/wp\/v2\/media?parent=13477"}],"curies":[{"name":"wp","href":"https:\/\/api.w.org\/{rel}","templated":true}]}}